{"id":7,"date":"2017-03-12T13:15:38","date_gmt":"2017-03-12T12:15:38","guid":{"rendered":"http:\/\/christo-energie.fr\/?page_id=7"},"modified":"2017-03-12T15:06:53","modified_gmt":"2017-03-12T14:06:53","slug":"qui-sommes-nous","status":"publish","type":"page","link":"https:\/\/christo-energie.fr\/index.php\/qui-sommes-nous\/","title":{"rendered":"Qui sommes-nous ?"},"content":{"rendered":"<p>Nous sommes implant\u00e9s \u00e0 Combourg \u00e0 30 km au nord de Rennes.<br \/>\nNous sommes une petite \u00e9quipe constitu\u00e9e d&rsquo;un plombier, d&rsquo;un \u00e9lectricien et d&rsquo;un partenaire couvreur.<\/p>\n<p>Nous avons les certifications : <strong>QualiPVBat<\/strong> &#8211; <strong>QualiPVElec<\/strong> propre \u00e0 l&rsquo;activit\u00e9 du photovolta\u00efque, le <strong>QualiSol<\/strong> pour le solaire thermique et le <strong>QualiBois<\/strong> pour les installations de chauffage domestique et po\u00eales.<\/p>\n<p>Installateur, nous montons des produits de pr\u00e9f\u00e9rence locaux, comme par exemple les panneaux photovolta\u00efques Sillia fabriqu\u00e9s \u00e0 Lannion (C\u00f4tes d&rsquo;Armor).<\/p>\n<p><strong>Notre force<\/strong><\/p>\n<ul>\n<li>proposer une solution adapt\u00e9e au client<\/li>\n<li>offrir des produits de qualit\u00e9<\/li>\n<li>un suivi du projet et un service apr\u00e8s vente<\/li>\n<\/ul>\n","protected":false},"excerpt":{"rendered":"<p>Nous sommes implant\u00e9s \u00e0 Combourg \u00e0 30 km au nord de Rennes. Nous sommes une petite \u00e9quipe constitu\u00e9e d&rsquo;un plombier, d&rsquo;un \u00e9lectricien et d&rsquo;un partenaire couvreur. Nous avons les certifications : QualiPVBat &#8211; QualiPVElec propre \u00e0 l&rsquo;activit\u00e9 du photovolta\u00efque, le QualiSol pour le solaire thermique et le QualiBois pour les installations de chauffage domestique et [&hellip;]<\/p>\n","protected":false},"author":1,"featured_media":0,"parent":0,"menu_order":0,"comment_status":"closed","ping_status":"closed","template":"","meta":{"footnotes":""},"class_list":["post-7","page","type-page","status-publish","hentry"],"_links":{"self":[{"href":"https:\/\/christo-energie.fr\/index.php\/wp-json\/wp\/v2\/pages\/7","targetHints":{"allow":["GET"]}}],"collection":[{"href":"https:\/\/christo-energie.fr\/index.php\/wp-json\/wp\/v2\/pages"}],"about":[{"href":"https:\/\/christo-energie.fr\/index.php\/wp-json\/wp\/v2\/types\/page"}],"author":[{"embeddable":true,"href":"https:\/\/christo-energie.fr\/index.php\/wp-json\/wp\/v2\/users\/1"}],"replies":[{"embeddable":true,"href":"https:\/\/christo-energie.fr\/index.php\/wp-json\/wp\/v2\/comments?post=7"}],"version-history":[{"count":3,"href":"https:\/\/christo-energie.fr\/index.php\/wp-json\/wp\/v2\/pages\/7\/revisions"}],"predecessor-version":[{"id":33,"href":"https:\/\/christo-energie.fr\/index.php\/wp-json\/wp\/v2\/pages\/7\/revisions\/33"}],"wp:attachment":[{"href":"https:\/\/christo-energie.fr\/index.php\/wp-json\/wp\/v2\/media?parent=7"}],"curies":[{"name":"wp","href":"https:\/\/api.w.org\/{rel}","templated":true}]}}