{"id":48,"date":"2017-03-12T14:16:20","date_gmt":"2017-03-12T13:16:20","guid":{"rendered":"http:\/\/christo-energie.fr\/?page_id=48"},"modified":"2017-04-02T18:24:19","modified_gmt":"2017-04-02T16:24:19","slug":"nos-solutions-nos-services","status":"publish","type":"page","link":"https:\/\/christo-energie.fr\/index.php\/nos-solutions-nos-services\/","title":{"rendered":"Nos solutions &#8211; Nos Services"},"content":{"rendered":"<h3>Photovolta\u00efque<\/h3>\n<ul>\n<li>Particulier<\/li>\n<li>Tertiaire<\/li>\n<li>Agricole<\/li>\n<\/ul>\n<div id='gallery-1' class='gallery galleryid-48 gallery-columns-4 gallery-size-thumbnail'><figure class='gallery-item'>\n\t\t\t<div class='gallery-icon landscape'>\n\t\t\t\t<img loading=\"lazy\" decoding=\"async\" width=\"150\" height=\"150\" src=\"https:\/\/christo-energie.fr\/wp-content\/uploads\/2017\/03\/Herbignac-20130308-00129-3-150x150.jpg\" class=\"attachment-thumbnail size-thumbnail\" alt=\"\" aria-describedby=\"gallery-1-66\" \/>\n\t\t\t<\/div>\n\t\t\t\t<figcaption class='wp-caption-text gallery-caption' id='gallery-1-66'>\n\t\t\t\tPhotovolta\u00efque panneaux SILLIA\n\t\t\t\t<\/figcaption><\/figure><figure class='gallery-item'>\n\t\t\t<div class='gallery-icon landscape'>\n\t\t\t\t<img loading=\"lazy\" decoding=\"async\" width=\"150\" height=\"150\" src=\"https:\/\/christo-energie.fr\/wp-content\/uploads\/2017\/03\/photo-150x150.jpg\" class=\"attachment-thumbnail size-thumbnail\" alt=\"\" aria-describedby=\"gallery-1-65\" \/>\n\t\t\t<\/div>\n\t\t\t\t<figcaption class='wp-caption-text gallery-caption' id='gallery-1-65'>\n\t\t\t\tPhotovolta\u00efque panneaux SILLIA et thermique\n\t\t\t\t<\/figcaption><\/figure><figure class='gallery-item'>\n\t\t\t<div class='gallery-icon landscape'>\n\t\t\t\t<img loading=\"lazy\" decoding=\"async\" width=\"150\" height=\"150\" src=\"https:\/\/christo-energie.fr\/wp-content\/uploads\/2017\/03\/P1000289-150x150.jpg\" class=\"attachment-thumbnail size-thumbnail\" alt=\"\" aria-describedby=\"gallery-1-62\" \/>\n\t\t\t<\/div>\n\t\t\t\t<figcaption class='wp-caption-text gallery-caption' id='gallery-1-62'>\n\t\t\t\tPanneaux SILLIA\n\t\t\t\t<\/figcaption><\/figure><figure class='gallery-item'>\n\t\t\t<div class='gallery-icon landscape'>\n\t\t\t\t<img loading=\"lazy\" decoding=\"async\" width=\"150\" height=\"150\" src=\"https:\/\/christo-energie.fr\/wp-content\/uploads\/2017\/03\/chapelledesfougeretz-150x150.jpg\" class=\"attachment-thumbnail size-thumbnail\" alt=\"\" aria-describedby=\"gallery-1-63\" \/>\n\t\t\t<\/div>\n\t\t\t\t<figcaption class='wp-caption-text gallery-caption' id='gallery-1-63'>\n\t\t\t\tPanneaux SILLIA et SYSTOVI. \n\t\t\t\t<\/figcaption><\/figure>\n\t\t<\/div>\n\n<h3>Bois<\/h3>\n<ul>\n<li>Po\u00eale bois<\/li>\n<li>Po\u00eale \u00e0 granul\u00e9s<\/li>\n<li>Chaudi\u00e8re \u00e0 bois<\/li>\n<\/ul>\n<div id='gallery-2' class='gallery galleryid-48 gallery-columns-4 gallery-size-thumbnail'><figure class='gallery-item'>\n\t\t\t<div class='gallery-icon landscape'>\n\t\t\t\t<img loading=\"lazy\" decoding=\"async\" width=\"150\" height=\"150\" src=\"https:\/\/christo-energie.fr\/wp-content\/uploads\/2017\/03\/2013-02-13-15.42.16-2-150x150.jpg\" class=\"attachment-thumbnail size-thumbnail\" alt=\"\" aria-describedby=\"gallery-2-68\" \/>\n\t\t\t<\/div>\n\t\t\t\t<figcaption class='wp-caption-text gallery-caption' id='gallery-2-68'>\n\t\t\t\tChaudi\u00e8re \u00e0 bois\n\t\t\t\t<\/figcaption><\/figure><figure class='gallery-item'>\n\t\t\t<div class='gallery-icon landscape'>\n\t\t\t\t<img loading=\"lazy\" decoding=\"async\" width=\"150\" height=\"150\" src=\"https:\/\/christo-energie.fr\/wp-content\/uploads\/2017\/03\/9249_Fortuna-bifacciale_amb-150x150.jpg\" class=\"attachment-thumbnail size-thumbnail\" alt=\"\" aria-describedby=\"gallery-2-69\" \/>\n\t\t\t<\/div>\n\t\t\t\t<figcaption class='wp-caption-text gallery-caption' id='gallery-2-69'>\n\t\t\t\tLe Nordica Fortuna\n\t\t\t\t<\/figcaption><\/figure><figure class='gallery-item'>\n\t\t\t<div class='gallery-icon landscape'>\n\t\t\t\t<img loading=\"lazy\" decoding=\"async\" width=\"150\" height=\"150\" src=\"https:\/\/christo-energie.fr\/wp-content\/uploads\/2017\/03\/poele-150x150.jpg\" class=\"attachment-thumbnail size-thumbnail\" alt=\"\" aria-describedby=\"gallery-2-71\" \/>\n\t\t\t<\/div>\n\t\t\t\t<figcaption class='wp-caption-text gallery-caption' id='gallery-2-71'>\n\t\t\t\tle Nordica Fly\n\t\t\t\t<\/figcaption><\/figure><figure class='gallery-item'>\n\t\t\t<div class='gallery-icon landscape'>\n\t\t\t\t<img loading=\"lazy\" decoding=\"async\" width=\"150\" height=\"150\" src=\"https:\/\/christo-energie.fr\/wp-content\/uploads\/2017\/03\/cuisiniere-a-bois-rosa-maiolica-150x150.jpg\" class=\"attachment-thumbnail size-thumbnail\" alt=\"\" aria-describedby=\"gallery-2-73\" \/>\n\t\t\t<\/div>\n\t\t\t\t<figcaption class='wp-caption-text gallery-caption' id='gallery-2-73'>\n\t\t\t\tLe Nordica Rosa\n\t\t\t\t<\/figcaption><\/figure>\n\t\t<\/div>\n\n<h3>Services<\/h3>\n<ul>\n<li>Ramonage<\/li>\n<li>Installation<\/li>\n<li>Remise en conformit\u00e9<\/li>\n<li>SAV<\/li>\n<\/ul>\n<h3>Certifications<\/h3>\n<ul>\n<li>Quali PV<\/li>\n<li>Quali Bois<\/li>\n<li>Assurance D\u00e9cenale<\/li>\n<\/ul>\n<h3>Nos partenaires<\/h3>\n<ul>\n<li>Nordica (po\u00eale)<\/li>\n<li>Sillia (photovolta\u00efque)<\/li>\n<li>Systovi (photovolta\u00efque)<\/li>\n<li><a href=\"https:\/\/ma-petite-energie.fr\/\" target=\"_blank\">mapetiteenergie<\/a><\/li>\n<\/ul>\n","protected":false},"excerpt":{"rendered":"<p>Photovolta\u00efque Particulier Tertiaire Agricole Bois Po\u00eale bois Po\u00eale \u00e0 granul\u00e9s Chaudi\u00e8re \u00e0 bois Services Ramonage Installation Remise en conformit\u00e9 SAV Certifications Quali PV Quali Bois Assurance D\u00e9cenale Nos partenaires Nordica (po\u00eale) Sillia (photovolta\u00efque) Systovi (photovolta\u00efque) mapetiteenergie<\/p>\n","protected":false},"author":1,"featured_media":0,"parent":0,"menu_order":0,"comment_status":"closed","ping_status":"closed","template":"","meta":{"footnotes":""},"class_list":["post-48","page","type-page","status-publish","hentry"],"_links":{"self":[{"href":"https:\/\/christo-energie.fr\/index.php\/wp-json\/wp\/v2\/pages\/48","targetHints":{"allow":["GET"]}}],"collection":[{"href":"https:\/\/christo-energie.fr\/index.php\/wp-json\/wp\/v2\/pages"}],"about":[{"href":"https:\/\/christo-energie.fr\/index.php\/wp-json\/wp\/v2\/types\/page"}],"author":[{"embeddable":true,"href":"https:\/\/christo-energie.fr\/index.php\/wp-json\/wp\/v2\/users\/1"}],"replies":[{"embeddable":true,"href":"https:\/\/christo-energie.fr\/index.php\/wp-json\/wp\/v2\/comments?post=48"}],"version-history":[{"count":9,"href":"https:\/\/christo-energie.fr\/index.php\/wp-json\/wp\/v2\/pages\/48\/revisions"}],"predecessor-version":[{"id":98,"href":"https:\/\/christo-energie.fr\/index.php\/wp-json\/wp\/v2\/pages\/48\/revisions\/98"}],"wp:attachment":[{"href":"https:\/\/christo-energie.fr\/index.php\/wp-json\/wp\/v2\/media?parent=48"}],"curies":[{"name":"wp","href":"https:\/\/api.w.org\/{rel}","templated":true}]}}